{"id":14075,"date":"2026-01-29T12:18:28","date_gmt":"2026-01-29T12:18:28","guid":{"rendered":"https:\/\/elitejourneys.shop\/?post_type=product&#038;p=14075"},"modified":"2026-01-29T12:33:04","modified_gmt":"2026-01-29T12:33:04","slug":"lubluelu-cordless-self-standing-vacuum-cleaner-25kpa-leistungsstarke-saugkraft-220w-stick-hoover-fur-tierhaare-hartboden-und-teppiche-600ml-mulleimer","status":"publish","type":"product","link":"https:\/\/elitejourneys.shop\/de\/produkt\/lubluelu-cordless-self-standing-vacuum-cleaner-25kpa-leistungsstarke-saugkraft-220w-stick-hoover-fur-tierhaare-hartboden-und-teppiche-600ml-mulleimer\/","title":{"rendered":"Lubluelu-Cordless Self-Standing Vacuum Cleaner, 25KPa leistungsstarke Saugkraft, 220W Stick Hoover f\u00fcr Tierhaare, Hartb\u00f6den und Teppiche, 600ml M\u00fclleimer"},"content":{"rendered":"<div data-elementor-type=\"product-post\" data-elementor-id=\"14075\" class=\"elementor elementor-14075\" data-elementor-post-type=\"product\">\n\t\t\t\t<div class=\"elementor-element elementor-element-30050076 e-flex e-con-boxed e-con e-parent\" data-id=\"30050076\" data-element_type=\"container\" data-settings=\"{&quot;ekit_has_onepagescroll_dot&quot;:&quot;yes&quot;}\">\n\t\t\t\t\t<div class=\"e-con-inner\">\n\t\t<div class=\"elementor-element elementor-element-15b0b313 e-con-full e-flex e-con e-child\" data-id=\"15b0b313\" data-element_type=\"container\" data-settings=\"{&quot;ekit_has_onepagescroll_dot&quot;:&quot;yes&quot;}\">\n\t\t\t\t<div class=\"elementor-element elementor-element-5298230a elementor-widget elementor-widget-video\" data-id=\"5298230a\" data-element_type=\"widget\" data-settings=\"{&quot;video_type&quot;:&quot;hosted&quot;,&quot;controls&quot;:&quot;yes&quot;,&quot;ekit_we_effect_on&quot;:&quot;none&quot;}\" data-widget_type=\"video.default\">\n\t\t\t\t<div class=\"elementor-widget-container\">\n\t\t\t\t\t\t\t<div class=\"e-hosted-video elementor-wrapper elementor-open-inline\">\n\t\t\t\t\t<video class=\"elementor-video\" src=\"https:\/\/elitejourneys.shop\/wp-content\/uploads\/2026\/01\/video_2026-01-27_22-46-39.mp4\" controls=\"\" preload=\"metadata\" controlslist=\"nodownload\"><\/video>\n\t\t\t\t<\/div>\n\t\t\t\t\t\t<\/div>\n\t\t\t\t<\/div>\n\t\t\t\t<div class=\"elementor-element elementor-element-3cf08c8 elementor-widget elementor-widget-text-editor\" data-id=\"3cf08c8\" data-element_type=\"widget\" data-settings=\"{&quot;ekit_we_effect_on&quot;:&quot;none&quot;}\" data-widget_type=\"text-editor.default\">\n\t\t\t\t<div class=\"elementor-widget-container\">\n\t\t\t\t\t\t\t\t\t<table>\n  <tr>\n    <td colspan=\"2\" style=\"font-weight: bold; border-bottom: 1px solid #ddd; padding: 8px 12px;\">Product information<\/td>\n  <\/tr>\n  <tr>\n    <td style=\"width: 40%; border-bottom: 1px solid #ddd; padding: 8px 12px;\"><strong>Is Cordless?<\/strong><\/td>\n    <td style=\"border-bottom: 1px solid #ddd; padding: 8px 12px;\">Yes<\/td>\n  <\/tr>\n  <tr>\n    <td style=\"border-bottom: 1px solid #ddd; padding: 8px 12px;\"><strong>Capacity<\/strong><\/td>\n    <td style=\"border-bottom: 1px solid #ddd; padding: 8px 12px;\">600 Milliliters<\/td>\n  <\/tr>\n  <tr>\n    <td style=\"border-bottom: 1px solid #ddd; padding: 8px 12px;\"><strong>Wattage<\/strong><\/td>\n    <td style=\"border-bottom: 1px solid #ddd; padding: 8px 12px;\">220 watts<\/td>\n  <\/tr>\n  <tr>\n    <td style=\"border-bottom: 1px solid #ddd; padding: 8px 12px;\"><strong>Empfohlene Verwendungszwecke f\u00fcr das Produkt<\/strong><\/td>\n    <td style=\"border-bottom: 1px solid #ddd; padding: 8px 12px;\">Bed, Pet Hair<\/td>\n  <\/tr>\n  <tr>\n    <td style=\"border-bottom: 1px solid #ddd; padding: 8px 12px;\"><strong>Form Factor<\/strong><\/td>\n    <td style=\"border-bottom: 1px solid #ddd; padding: 8px 12px;\">Stick\uff0cHandheld\uff0cUpright<\/td>\n  <\/tr>\n  <tr>\n    <td style=\"border-bottom: 1px solid #ddd; padding: 8px 12px;\"><strong>Farbe<\/strong><\/td>\n    <td style=\"border-bottom: 1px solid #ddd; padding: 8px 12px;\">Lila<\/td>\n  <\/tr>\n  <tr>\n    <td style=\"border-bottom: 1px solid #ddd; padding: 8px 12px;\"><strong>Name des Modells<\/strong><\/td>\n    <td style=\"border-bottom: 1px solid #ddd; padding: 8px 12px;\">GX-202Z-R01-IT<\/td>\n  <\/tr>\n  <tr>\n    <td style=\"border-bottom: 1px solid #ddd; padding: 8px 12px;\"><strong>Produkt Abmessungen<\/strong><\/td>\n    <td style=\"border-bottom: 1px solid #ddd; padding: 8px 12px;\">5&#8243;L x 5&#8243;W x 6&#8243;H<\/td>\n  <\/tr>\n  <tr>\n    <td style=\"border-bottom: 1px solid #ddd; padding: 8px 12px;\"><strong>Battery Description<\/strong><\/td>\n    <td style=\"border-bottom: 1px solid #ddd; padding: 8px 12px;\">Lithium-Ion<\/td>\n  <\/tr>\n  <tr>\n    <td style=\"border-bottom: 1px solid #ddd; padding: 8px 12px;\"><strong>Noise Level<\/strong><\/td>\n    <td style=\"border-bottom: 1px solid #ddd; padding: 8px 12px;\">69 Decibels<\/td>\n  <\/tr>\n<\/table>\t\t\t\t\t\t\t\t<\/div>\n\t\t\t\t<\/div>\n\t\t\t\t<\/div>\n\t\t<div class=\"elementor-element elementor-element-6859735b e-con-full e-flex e-con e-child\" data-id=\"6859735b\" data-element_type=\"container\" data-settings=\"{&quot;ekit_has_onepagescroll_dot&quot;:&quot;yes&quot;}\">\n\t\t\t\t<div class=\"elementor-element elementor-element-1dfecb02 elementor-widget elementor-widget-text-editor\" data-id=\"1dfecb02\" data-element_type=\"widget\" data-settings=\"{&quot;ekit_we_effect_on&quot;:&quot;none&quot;}\" data-widget_type=\"text-editor.default\">\n\t\t\t\t<div class=\"elementor-widget-container\">\n\t\t\t\t\t\t\t\t\t<!DOCTYPE html>\n<html lang=\"en\">\n<head>\n    <meta charset=\"UTF-8\">\n    <title>Product Specifications &#8211; Part 2<\/title>\n    <style>\n        table {\n            width: 100%;\n            border-collapse: collapse;\n        }\n        tr {\n            border-bottom: 1px solid #ddd;\n        }\n        td {\n            padding: 10px 15px;\n            text-align: left;\n            vertical-align: top;\n        }\n        td:first-child {\n            width: 45%;\n            font-weight: bold;\n        }\n    <\/style>\n<\/head>\n<body>\n    <table>\n        <tr>\n            <td>Battery Life<\/td>\n            <td>50 minutes<\/td>\n        <\/tr>\n        <tr>\n            <td>Manufacturer<\/td>\n            <td>Lubluelu<\/td>\n        <\/tr>\n        <tr>\n            <td>Number of Items<\/td>\n            <td>1<\/td>\n        <\/tr>\n        <tr>\n            <td>Controller Type<\/td>\n            <td>Push Button<\/td>\n        <\/tr>\n        <tr>\n            <td>Motor Horsepower<\/td>\n            <td>220 Watts<\/td>\n        <\/tr>\n        <tr>\n            <td>Control Method<\/td>\n            <td>Remote<\/td>\n        <\/tr>\n        <tr>\n            <td>Style<\/td>\n            <td>Stick<\/td>\n        <\/tr>\n        <tr>\n            <td>Anzahl der Geschwindigkeiten<\/td>\n            <td>3<\/td>\n        <\/tr>\n        <tr>\n            <td>Portable<\/td>\n            <td>Yes<\/td>\n        <\/tr>\n        <tr>\n            <td>Number of Power Levels<\/td>\n            <td>3<\/td>\n        <\/tr>\n        <tr>\n            <td>Indoor\/Outdoor Usage<\/td>\n            <td>Indoor<\/td>\n        <\/tr>\n        <tr>\n            <td>Maximum Horsepower<\/td>\n            <td>220 Watts<\/td>\n        <\/tr>\n        <tr>\n            <td>UPC<\/td>\n            <td>774882495222<\/td>\n        <\/tr>\n        <tr>\n            <td>Artikel Gewicht<\/td>\n            <td>4.62 pounds<\/td>\n        <\/tr>\n        <tr>\n            <td>ASIN<\/td>\n            <td>B0BVPSCHWT<\/td>\n        <\/tr>\n        <tr>\n            <td>Item model number<\/td>\n            <td>GX-202Z-R01-IT<\/td>\n        <\/tr>\n        <tr>\n            <td>Batteries<\/td>\n            <td>1 A batteries required. (included)<\/td>\n        <\/tr>\n    <\/table>\n<\/body>\n<\/html>\t\t\t\t\t\t\t\t<\/div>\n\t\t\t\t<\/div>\n\t\t\t\t<\/div>\n\t\t\t\t\t<\/div>\n\t\t\t\t<\/div>\n\t\t<div class=\"elementor-element elementor-element-4cc33cb e-flex e-con-boxed e-con e-parent\" data-id=\"4cc33cb\" data-element_type=\"container\" data-settings=\"{&quot;ekit_has_onepagescroll_dot&quot;:&quot;yes&quot;}\">\n\t\t\t\t\t<div class=\"e-con-inner\">\n\t\t\t\t<div class=\"elementor-element elementor-element-3bf7e400 elementor-widget elementor-widget-image\" data-id=\"3bf7e400\" data-element_type=\"widget\" data-settings=\"{&quot;ekit_we_effect_on&quot;:&quot;none&quot;}\" data-widget_type=\"image.default\">\n\t\t\t\t<div class=\"elementor-widget-container\">\n\t\t\t\t\t\t\t\t\t\t\t\t\t\t\t<img loading=\"lazy\" decoding=\"async\" width=\"1464\" height=\"600\" src=\"https:\/\/elitejourneys.shop\/wp-content\/uploads\/2026\/01\/4f4914a3-e340-43c2-936c-a9a9558593ce.__CR001464600_PT0_SX1464_V1___.jpg\" class=\"attachment-full size-full wp-image-14234 wvs-archive-product-image\" alt=\"\" srcset=\"https:\/\/elitejourneys.shop\/wp-content\/uploads\/2026\/01\/4f4914a3-e340-43c2-936c-a9a9558593ce.__CR001464600_PT0_SX1464_V1___.jpg 1464w, https:\/\/elitejourneys.shop\/wp-content\/uploads\/2026\/01\/4f4914a3-e340-43c2-936c-a9a9558593ce.__CR001464600_PT0_SX1464_V1___-300x123.jpg 300w, https:\/\/elitejourneys.shop\/wp-content\/uploads\/2026\/01\/4f4914a3-e340-43c2-936c-a9a9558593ce.__CR001464600_PT0_SX1464_V1___-1024x420.jpg 1024w, https:\/\/elitejourneys.shop\/wp-content\/uploads\/2026\/01\/4f4914a3-e340-43c2-936c-a9a9558593ce.__CR001464600_PT0_SX1464_V1___-768x315.jpg 768w, https:\/\/elitejourneys.shop\/wp-content\/uploads\/2026\/01\/4f4914a3-e340-43c2-936c-a9a9558593ce.__CR001464600_PT0_SX1464_V1___-18x7.jpg 18w, https:\/\/elitejourneys.shop\/wp-content\/uploads\/2026\/01\/4f4914a3-e340-43c2-936c-a9a9558593ce.__CR001464600_PT0_SX1464_V1___-600x246.jpg 600w, https:\/\/elitejourneys.shop\/wp-content\/uploads\/2026\/01\/4f4914a3-e340-43c2-936c-a9a9558593ce.__CR001464600_PT0_SX1464_V1___-1x1.jpg 1w, https:\/\/elitejourneys.shop\/wp-content\/uploads\/2026\/01\/4f4914a3-e340-43c2-936c-a9a9558593ce.__CR001464600_PT0_SX1464_V1___-10x4.jpg 10w\" sizes=\"auto, (max-width: 1464px) 100vw, 1464px\" \/>\t\t\t\t\t\t\t\t\t\t\t\t\t\t\t<\/div>\n\t\t\t\t<\/div>\n\t\t\t\t<div class=\"elementor-element elementor-element-2a9f52f1 elementor-widget elementor-widget-image\" data-id=\"2a9f52f1\" data-element_type=\"widget\" data-settings=\"{&quot;ekit_we_effect_on&quot;:&quot;none&quot;}\" data-widget_type=\"image.default\">\n\t\t\t\t<div class=\"elementor-widget-container\">\n\t\t\t\t\t\t\t\t\t\t\t\t\t\t\t<img loading=\"lazy\" decoding=\"async\" width=\"1464\" height=\"600\" src=\"https:\/\/elitejourneys.shop\/wp-content\/uploads\/2026\/01\/cf4b03f5-1752-433f-b7b8-b85210a535c1.__CR001464600_PT0_SX1464_V1___.jpg\" class=\"attachment-full size-full wp-image-14235 wvs-archive-product-image\" alt=\"\" srcset=\"https:\/\/elitejourneys.shop\/wp-content\/uploads\/2026\/01\/cf4b03f5-1752-433f-b7b8-b85210a535c1.__CR001464600_PT0_SX1464_V1___.jpg 1464w, https:\/\/elitejourneys.shop\/wp-content\/uploads\/2026\/01\/cf4b03f5-1752-433f-b7b8-b85210a535c1.__CR001464600_PT0_SX1464_V1___-300x123.jpg 300w, https:\/\/elitejourneys.shop\/wp-content\/uploads\/2026\/01\/cf4b03f5-1752-433f-b7b8-b85210a535c1.__CR001464600_PT0_SX1464_V1___-1024x420.jpg 1024w, https:\/\/elitejourneys.shop\/wp-content\/uploads\/2026\/01\/cf4b03f5-1752-433f-b7b8-b85210a535c1.__CR001464600_PT0_SX1464_V1___-768x315.jpg 768w, https:\/\/elitejourneys.shop\/wp-content\/uploads\/2026\/01\/cf4b03f5-1752-433f-b7b8-b85210a535c1.__CR001464600_PT0_SX1464_V1___-18x7.jpg 18w, https:\/\/elitejourneys.shop\/wp-content\/uploads\/2026\/01\/cf4b03f5-1752-433f-b7b8-b85210a535c1.__CR001464600_PT0_SX1464_V1___-600x246.jpg 600w, https:\/\/elitejourneys.shop\/wp-content\/uploads\/2026\/01\/cf4b03f5-1752-433f-b7b8-b85210a535c1.__CR001464600_PT0_SX1464_V1___-1x1.jpg 1w, https:\/\/elitejourneys.shop\/wp-content\/uploads\/2026\/01\/cf4b03f5-1752-433f-b7b8-b85210a535c1.__CR001464600_PT0_SX1464_V1___-10x4.jpg 10w\" sizes=\"auto, (max-width: 1464px) 100vw, 1464px\" \/>\t\t\t\t\t\t\t\t\t\t\t\t\t\t\t<\/div>\n\t\t\t\t<\/div>\n\t\t\t\t<div class=\"elementor-element elementor-element-8d693c9 elementor-widget elementor-widget-image\" data-id=\"8d693c9\" data-element_type=\"widget\" data-settings=\"{&quot;ekit_we_effect_on&quot;:&quot;none&quot;}\" data-widget_type=\"image.default\">\n\t\t\t\t<div class=\"elementor-widget-container\">\n\t\t\t\t\t\t\t\t\t\t\t\t\t\t\t<img loading=\"lazy\" decoding=\"async\" width=\"1464\" height=\"600\" src=\"https:\/\/elitejourneys.shop\/wp-content\/uploads\/2026\/01\/bd268fed-fe67-4ef2-9dff-d2b930481b91.__CR001464600_PT0_SX1464_V1___.jpg\" class=\"attachment-full size-full wp-image-14236 wvs-archive-product-image\" alt=\"\" srcset=\"https:\/\/elitejourneys.shop\/wp-content\/uploads\/2026\/01\/bd268fed-fe67-4ef2-9dff-d2b930481b91.__CR001464600_PT0_SX1464_V1___.jpg 1464w, https:\/\/elitejourneys.shop\/wp-content\/uploads\/2026\/01\/bd268fed-fe67-4ef2-9dff-d2b930481b91.__CR001464600_PT0_SX1464_V1___-300x123.jpg 300w, https:\/\/elitejourneys.shop\/wp-content\/uploads\/2026\/01\/bd268fed-fe67-4ef2-9dff-d2b930481b91.__CR001464600_PT0_SX1464_V1___-1024x420.jpg 1024w, https:\/\/elitejourneys.shop\/wp-content\/uploads\/2026\/01\/bd268fed-fe67-4ef2-9dff-d2b930481b91.__CR001464600_PT0_SX1464_V1___-768x315.jpg 768w, https:\/\/elitejourneys.shop\/wp-content\/uploads\/2026\/01\/bd268fed-fe67-4ef2-9dff-d2b930481b91.__CR001464600_PT0_SX1464_V1___-18x7.jpg 18w, https:\/\/elitejourneys.shop\/wp-content\/uploads\/2026\/01\/bd268fed-fe67-4ef2-9dff-d2b930481b91.__CR001464600_PT0_SX1464_V1___-600x246.jpg 600w, https:\/\/elitejourneys.shop\/wp-content\/uploads\/2026\/01\/bd268fed-fe67-4ef2-9dff-d2b930481b91.__CR001464600_PT0_SX1464_V1___-1x1.jpg 1w, https:\/\/elitejourneys.shop\/wp-content\/uploads\/2026\/01\/bd268fed-fe67-4ef2-9dff-d2b930481b91.__CR001464600_PT0_SX1464_V1___-10x4.jpg 10w\" sizes=\"auto, (max-width: 1464px) 100vw, 1464px\" \/>\t\t\t\t\t\t\t\t\t\t\t\t\t\t\t<\/div>\n\t\t\t\t<\/div>\n\t\t\t\t<div class=\"elementor-element elementor-element-5a19325 elementor-widget elementor-widget-image\" data-id=\"5a19325\" data-element_type=\"widget\" data-settings=\"{&quot;ekit_we_effect_on&quot;:&quot;none&quot;}\" data-widget_type=\"image.default\">\n\t\t\t\t<div class=\"elementor-widget-container\">\n\t\t\t\t\t\t\t\t\t\t\t\t\t\t\t<img loading=\"lazy\" decoding=\"async\" width=\"1464\" height=\"600\" src=\"https:\/\/elitejourneys.shop\/wp-content\/uploads\/2026\/01\/dce2407b-149d-495a-b8b4-f73df58d315e.__CR001464600_PT0_SX1464_V1___.jpg\" class=\"attachment-full size-full wp-image-14237 wvs-archive-product-image\" alt=\"\" srcset=\"https:\/\/elitejourneys.shop\/wp-content\/uploads\/2026\/01\/dce2407b-149d-495a-b8b4-f73df58d315e.__CR001464600_PT0_SX1464_V1___.jpg 1464w, https:\/\/elitejourneys.shop\/wp-content\/uploads\/2026\/01\/dce2407b-149d-495a-b8b4-f73df58d315e.__CR001464600_PT0_SX1464_V1___-300x123.jpg 300w, https:\/\/elitejourneys.shop\/wp-content\/uploads\/2026\/01\/dce2407b-149d-495a-b8b4-f73df58d315e.__CR001464600_PT0_SX1464_V1___-1024x420.jpg 1024w, https:\/\/elitejourneys.shop\/wp-content\/uploads\/2026\/01\/dce2407b-149d-495a-b8b4-f73df58d315e.__CR001464600_PT0_SX1464_V1___-768x315.jpg 768w, https:\/\/elitejourneys.shop\/wp-content\/uploads\/2026\/01\/dce2407b-149d-495a-b8b4-f73df58d315e.__CR001464600_PT0_SX1464_V1___-18x7.jpg 18w, https:\/\/elitejourneys.shop\/wp-content\/uploads\/2026\/01\/dce2407b-149d-495a-b8b4-f73df58d315e.__CR001464600_PT0_SX1464_V1___-600x246.jpg 600w, https:\/\/elitejourneys.shop\/wp-content\/uploads\/2026\/01\/dce2407b-149d-495a-b8b4-f73df58d315e.__CR001464600_PT0_SX1464_V1___-1x1.jpg 1w, https:\/\/elitejourneys.shop\/wp-content\/uploads\/2026\/01\/dce2407b-149d-495a-b8b4-f73df58d315e.__CR001464600_PT0_SX1464_V1___-10x4.jpg 10w\" sizes=\"auto, (max-width: 1464px) 100vw, 1464px\" \/>\t\t\t\t\t\t\t\t\t\t\t\t\t\t\t<\/div>\n\t\t\t\t<\/div>\n\t\t\t\t<div class=\"elementor-element elementor-element-6c6e4d3f elementor--h-position-center elementor--v-position-middle elementor-arrows-position-inside elementor-pagination-position-inside elementor-widget elementor-widget-slides\" data-id=\"6c6e4d3f\" data-element_type=\"widget\" data-settings=\"{&quot;navigation&quot;:&quot;both&quot;,&quot;autoplay&quot;:&quot;yes&quot;,&quot;pause_on_hover&quot;:&quot;yes&quot;,&quot;pause_on_interaction&quot;:&quot;yes&quot;,&quot;autoplay_speed&quot;:5000,&quot;infinite&quot;:&quot;yes&quot;,&quot;transition&quot;:&quot;slide&quot;,&quot;transition_speed&quot;:500,&quot;ekit_we_effect_on&quot;:&quot;none&quot;}\" data-widget_type=\"slides.default\">\n\t\t\t\t<div class=\"elementor-widget-container\">\n\t\t\t\t\t\t\t\t\t<div class=\"elementor-swiper\">\r\n\t\t\t\t\t<div class=\"elementor-slides-wrapper elementor-main-swiper swiper\" role=\"region\" aria-roledescription=\"carousel\" aria-label=\"Folien\" dir=\"ltr\" data-animation=\"fadeInUp\">\r\n\t\t\t\t<div class=\"swiper-wrapper elementor-slides\">\r\n\t\t\t\t\t\t\t\t\t\t<div class=\"elementor-repeater-item-978078b swiper-slide\" role=\"group\" aria-roledescription=\"slide\"><div class=\"swiper-slide-bg\" role=\"img\" aria-label=\"952ba468-8ded-4459-b5ed-4f9a5faf9715.__CR001464600_PT0_SX1464_V1___.jpg\"><\/div><div class=\"swiper-slide-inner\" ><div class=\"swiper-slide-contents\"><\/div><\/div><\/div><div class=\"elementor-repeater-item-19c1939 swiper-slide\" role=\"group\" aria-roledescription=\"slide\"><div class=\"swiper-slide-bg\" role=\"img\" aria-label=\"8623037f-5ff7-4e6e-91b0-46758c77f614.__CR001464600_PT0_SX1464_V1___.jpg\"><\/div><div class=\"swiper-slide-inner\" ><div class=\"swiper-slide-contents\"><\/div><\/div><\/div><div class=\"elementor-repeater-item-59ba89a swiper-slide\" role=\"group\" aria-roledescription=\"slide\"><div class=\"swiper-slide-bg\" role=\"img\" aria-label=\"d49b48f5-e8df-4188-bd28-ce802fc9b1d8.__CR001464600_PT0_SX1464_V1___.jpg\"><\/div><div class=\"swiper-slide-inner\" ><div class=\"swiper-slide-contents\"><\/div><\/div><\/div><div class=\"elementor-repeater-item-3d596de swiper-slide\" role=\"group\" aria-roledescription=\"slide\"><div class=\"swiper-slide-bg\" role=\"img\" aria-label=\"c6f12789-95d6-47ef-8bdf-9914f924abf3.__CR001464600_PT0_SX1464_V1___-1.jpg\"><\/div><div class=\"swiper-slide-inner\" ><div class=\"swiper-slide-contents\"><\/div><\/div><\/div><div class=\"elementor-repeater-item-41b2ff3 swiper-slide\" role=\"group\" aria-roledescription=\"slide\"><div class=\"swiper-slide-bg\" role=\"img\" aria-label=\"83a4a890-d966-4186-938b-c9d564cc5522.__CR001464600_PT0_SX1464_V1___.jpg\"><\/div><div class=\"swiper-slide-inner\" ><div class=\"swiper-slide-contents\"><\/div><\/div><\/div><div class=\"elementor-repeater-item-5b11bb4 swiper-slide\" role=\"group\" aria-roledescription=\"slide\"><div class=\"swiper-slide-bg\" role=\"img\" aria-label=\"de98c7a8-c48d-4c4f-8b14-ad54d4911ddd.__CR001464600_PT0_SX1464_V1___.jpg\"><\/div><div class=\"swiper-slide-inner\" ><div class=\"swiper-slide-contents\"><\/div><\/div><\/div>\t\t\t\t<\/div>\r\n\t\t\t\t\t\t\t\t\t\t\t\t\t\t\t<div class=\"elementor-swiper-button elementor-swiper-button-prev\" role=\"button\" tabindex=\"0\" aria-label=\"Previous slide\">\r\n\t\t\t\t\t\t\t<svg aria-hidden=\"true\" class=\"e-font-icon-svg e-eicon-chevron-left\" viewbox=\"0 0 1000 1000\" xmlns=\"http:\/\/www.w3.org\/2000\/svg\"><path d=\"M646 125C629 125 613 133 604 142L308 442C296 454 292 471 292 487 292 504 296 521 308 533L604 854C617 867 629 875 646 875 663 875 679 871 692 858 704 846 713 829 713 812 713 796 708 779 692 767L438 487 692 225C700 217 708 204 708 187 708 171 704 154 692 142 675 129 663 125 646 125Z\"><\/path><\/svg>\t\t\t\t\t\t<\/div>\r\n\t\t\t\t\t\t<div class=\"elementor-swiper-button elementor-swiper-button-next\" role=\"button\" tabindex=\"0\" aria-label=\"Next slide\">\r\n\t\t\t\t\t\t\t<svg aria-hidden=\"true\" class=\"e-font-icon-svg e-eicon-chevron-right\" viewbox=\"0 0 1000 1000\" xmlns=\"http:\/\/www.w3.org\/2000\/svg\"><path d=\"M696 533C708 521 713 504 713 487 713 471 708 454 696 446L400 146C388 133 375 125 354 125 338 125 325 129 313 142 300 154 292 171 292 187 292 204 296 221 308 233L563 492 304 771C292 783 288 800 288 817 288 833 296 850 308 863 321 871 338 875 354 875 371 875 388 867 400 854L696 533Z\"><\/path><\/svg>\t\t\t\t\t\t<\/div>\r\n\t\t\t\t\t\t\t\t\t\t\t\t\t\t\t\t<div class=\"swiper-pagination\"><\/div>\r\n\t\t\t\t\t\t\t\t\t\t\t\t<\/div>\r\n\t\t\t\t<\/div>\r\n\t\t\t\t\t\t\t\t<\/div>\n\t\t\t\t<\/div>\n\t\t\t\t<div class=\"elementor-element elementor-element-742901f4 elementor-widget elementor-widget-image\" data-id=\"742901f4\" data-element_type=\"widget\" data-settings=\"{&quot;ekit_we_effect_on&quot;:&quot;none&quot;}\" data-widget_type=\"image.default\">\n\t\t\t\t<div class=\"elementor-widget-container\">\n\t\t\t\t\t\t\t\t\t\t\t\t\t\t\t<img loading=\"lazy\" decoding=\"async\" width=\"1464\" height=\"600\" src=\"https:\/\/elitejourneys.shop\/wp-content\/uploads\/2026\/01\/b984ed76-c36d-4a1b-a390-2c3641750d0b.__CR001464600_PT0_SX1464_V1___.jpg\" class=\"attachment-full size-full wp-image-14245 wvs-archive-product-image\" alt=\"\" srcset=\"https:\/\/elitejourneys.shop\/wp-content\/uploads\/2026\/01\/b984ed76-c36d-4a1b-a390-2c3641750d0b.__CR001464600_PT0_SX1464_V1___.jpg 1464w, https:\/\/elitejourneys.shop\/wp-content\/uploads\/2026\/01\/b984ed76-c36d-4a1b-a390-2c3641750d0b.__CR001464600_PT0_SX1464_V1___-300x123.jpg 300w, https:\/\/elitejourneys.shop\/wp-content\/uploads\/2026\/01\/b984ed76-c36d-4a1b-a390-2c3641750d0b.__CR001464600_PT0_SX1464_V1___-1024x420.jpg 1024w, https:\/\/elitejourneys.shop\/wp-content\/uploads\/2026\/01\/b984ed76-c36d-4a1b-a390-2c3641750d0b.__CR001464600_PT0_SX1464_V1___-768x315.jpg 768w, https:\/\/elitejourneys.shop\/wp-content\/uploads\/2026\/01\/b984ed76-c36d-4a1b-a390-2c3641750d0b.__CR001464600_PT0_SX1464_V1___-18x7.jpg 18w, https:\/\/elitejourneys.shop\/wp-content\/uploads\/2026\/01\/b984ed76-c36d-4a1b-a390-2c3641750d0b.__CR001464600_PT0_SX1464_V1___-600x246.jpg 600w, https:\/\/elitejourneys.shop\/wp-content\/uploads\/2026\/01\/b984ed76-c36d-4a1b-a390-2c3641750d0b.__CR001464600_PT0_SX1464_V1___-1x1.jpg 1w, https:\/\/elitejourneys.shop\/wp-content\/uploads\/2026\/01\/b984ed76-c36d-4a1b-a390-2c3641750d0b.__CR001464600_PT0_SX1464_V1___-10x4.jpg 10w\" sizes=\"auto, (max-width: 1464px) 100vw, 1464px\" \/>\t\t\t\t\t\t\t\t\t\t\t\t\t\t\t<\/div>\n\t\t\t\t<\/div>\n\t\t\t\t\t<\/div>\n\t\t\t\t<\/div>\n\t\t\t\t<\/div>","protected":false},"excerpt":{"rendered":"<h1 class=\"a-size-base-plus a-text-bold\">About this item<\/h1>\n<ul class=\"a-unordered-list a-vertical a-spacing-mini\">\n<li class=\"a-spacing-mini\">\n<p class=\"ds-markdown-paragraph\"><strong>Extrem leise Leistung<\/strong><br \/>\nDer kabellose Staubsauger mit 235 W b\u00fcrstenlosem Motor reinigt leise und effizient auf allen Oberfl\u00e4chen \u2013 ideal auch f\u00fcr l\u00e4ngere Nutzung.<\/p>\n<p class=\"ds-markdown-paragraph\"><strong>3 Reinigungs- und Saugmodi<\/strong><br \/>\nMit Staubpinsel, Fugend\u00fcse, Bodend\u00fcse, Teleskoprohr und drei Saugstufen. Perfekt f\u00fcr B\u00f6den, Teppiche, Sofas und Autositze.<\/p>\n<p class=\"ds-markdown-paragraph\"><strong>Frei stehende Bauweise<\/strong><br \/>\nStabiler Stand ohne Wandhalterung \u2013 einfach abstellen, ohne sich b\u00fccken zu m\u00fcssen. Spart Platz und gibt mehr Flexibilit\u00e4t beim Putzen.<\/p>\n<p class=\"ds-markdown-paragraph\"><strong>LED-Bodend\u00fcse und Leichtbauweise<\/strong><br \/>\nFlexibler Drehkopf mit LED-Licht erreicht m\u00fchelos Ecken und unter M\u00f6bel. Leichtes Design f\u00fcr erm\u00fcdungsfreies Reinigen.<\/p>\n<p class=\"ds-markdown-paragraph\"><strong>5-stufiges Filtersystem<\/strong><br \/>\nMit Zyklontrennung, Edelstahlgitter, HEPA-Filter, Motorfilter und Schwammfilter. H\u00e4lt selbst Feinstaub und Tierhaare zuverl\u00e4ssig zur\u00fcck \u2013 alle Filter sind waschbar.<\/p>\n<p class=\"ds-markdown-paragraph\"><strong>Wechselbarer Akku<\/strong><br \/>\n2200-mAh-Akku bietet 15\u201350 Minuten Laufzeit je nach Saugstufe. Mit Zweitakku verl\u00e4ngern Sie die Reinigungszeit einfach f\u00fcr das gesamte Haus.<\/p>\n<\/li>\n<\/ul>","protected":false},"featured_media":14149,"comment_status":"open","ping_status":"closed","template":"","meta":{"_acf_changed":false},"etheme_brands":[],"product_brand":[],"product_cat":[118],"product_tag":[],"class_list":{"0":"post-14075","1":"product","2":"type-product","3":"status-publish","4":"has-post-thumbnail","6":"product_cat-sale-shop","8":"first","9":"instock","10":"sale","11":"shipping-taxable","12":"purchasable","13":"product-type-variable","14":"has-default-attributes","15":"wvs-archive-product-wrapper"},"acf":[],"_links":{"self":[{"href":"https:\/\/elitejourneys.shop\/de\/wp-json\/wp\/v2\/product\/14075","targetHints":{"allow":["GET"]}}],"collection":[{"href":"https:\/\/elitejourneys.shop\/de\/wp-json\/wp\/v2\/product"}],"about":[{"href":"https:\/\/elitejourneys.shop\/de\/wp-json\/wp\/v2\/types\/product"}],"replies":[{"embeddable":true,"href":"https:\/\/elitejourneys.shop\/de\/wp-json\/wp\/v2\/comments?post=14075"}],"version-history":[{"count":4,"href":"https:\/\/elitejourneys.shop\/de\/wp-json\/wp\/v2\/product\/14075\/revisions"}],"predecessor-version":[{"id":14251,"href":"https:\/\/elitejourneys.shop\/de\/wp-json\/wp\/v2\/product\/14075\/revisions\/14251"}],"wp:featuredmedia":[{"embeddable":true,"href":"https:\/\/elitejourneys.shop\/de\/wp-json\/wp\/v2\/media\/14149"}],"wp:attachment":[{"href":"https:\/\/elitejourneys.shop\/de\/wp-json\/wp\/v2\/media?parent=14075"}],"wp:term":[{"taxonomy":"brand","embeddable":true,"href":"https:\/\/elitejourneys.shop\/de\/wp-json\/wp\/v2\/etheme_brands?post=14075"},{"taxonomy":"product_brand","embeddable":true,"href":"https:\/\/elitejourneys.shop\/de\/wp-json\/wp\/v2\/product_brand?post=14075"},{"taxonomy":"product_cat","embeddable":true,"href":"https:\/\/elitejourneys.shop\/de\/wp-json\/wp\/v2\/product_cat?post=14075"},{"taxonomy":"product_tag","embeddable":true,"href":"https:\/\/elitejourneys.shop\/de\/wp-json\/wp\/v2\/product_tag?post=14075"}],"curies":[{"name":"wp","href":"https:\/\/api.w.org\/{rel}","templated":true}]}}