{"id":14079,"date":"2026-01-29T12:18:29","date_gmt":"2026-01-29T12:18:29","guid":{"rendered":"https:\/\/elitejourneys.shop\/?post_type=product&#038;p=14079"},"modified":"2026-02-13T02:32:00","modified_gmt":"2026-02-13T02:32:00","slug":"magic-wonder-balm%e2%9c%a8judith-williams-cosmetics","status":"publish","type":"product","link":"https:\/\/elitejourneys.shop\/de\/produkt\/magic-wonder-balm%e2%9c%a8judith-williams-cosmetics\/","title":{"rendered":"Magic Wonder Balm\u2728Judith Williams Cosmetics"},"content":{"rendered":"<div data-elementor-type=\"product-post\" data-elementor-id=\"14079\" class=\"elementor elementor-14079\" data-elementor-post-type=\"product\">\n\t\t\t\t<div class=\"elementor-element elementor-element-7dd46401 e-grid e-con-boxed e-con e-parent\" data-id=\"7dd46401\" data-element_type=\"container\" data-settings=\"{&quot;ekit_has_onepagescroll_dot&quot;:&quot;yes&quot;}\">\n\t\t\t\t\t<div class=\"e-con-inner\">\n\t\t\t\t<div class=\"elementor-element elementor-element-363c1204 elementor-widget elementor-widget-image\" data-id=\"363c1204\" data-element_type=\"widget\" data-settings=\"{&quot;ekit_we_effect_on&quot;:&quot;none&quot;}\" data-widget_type=\"image.default\">\n\t\t\t\t<div class=\"elementor-widget-container\">\n\t\t\t\t\t\t\t\t\t\t\t\t\t\t\t<img loading=\"lazy\" decoding=\"async\" width=\"358\" height=\"448\" src=\"https:\/\/elitejourneys.shop\/wp-content\/uploads\/2026\/01\/088a18fe-be37-46a6-9e16-9e0152152e77-1.png\" class=\"attachment-full size-full wp-image-14217 wvs-archive-product-image\" alt=\"\" srcset=\"https:\/\/elitejourneys.shop\/wp-content\/uploads\/2026\/01\/088a18fe-be37-46a6-9e16-9e0152152e77-1.png 358w, https:\/\/elitejourneys.shop\/wp-content\/uploads\/2026\/01\/088a18fe-be37-46a6-9e16-9e0152152e77-1-240x300.png 240w, https:\/\/elitejourneys.shop\/wp-content\/uploads\/2026\/01\/088a18fe-be37-46a6-9e16-9e0152152e77-1-10x12.png 10w, https:\/\/elitejourneys.shop\/wp-content\/uploads\/2026\/01\/088a18fe-be37-46a6-9e16-9e0152152e77-1-1x1.png 1w, https:\/\/elitejourneys.shop\/wp-content\/uploads\/2026\/01\/088a18fe-be37-46a6-9e16-9e0152152e77-1-8x10.png 8w\" sizes=\"auto, (max-width: 358px) 100vw, 358px\" \/>\t\t\t\t\t\t\t\t\t\t\t\t\t\t\t<\/div>\n\t\t\t\t<\/div>\n\t\t\t\t<div class=\"elementor-element elementor-element-4364e714 elementor-widget elementor-widget-image\" data-id=\"4364e714\" data-element_type=\"widget\" data-settings=\"{&quot;ekit_we_effect_on&quot;:&quot;none&quot;}\" data-widget_type=\"image.default\">\n\t\t\t\t<div class=\"elementor-widget-container\">\n\t\t\t\t\t\t\t\t\t\t\t\t\t\t\t<img loading=\"lazy\" decoding=\"async\" width=\"357\" height=\"447\" src=\"https:\/\/elitejourneys.shop\/wp-content\/uploads\/2026\/01\/9c7874e5-840e-4cfb-8064-49d377ba2a27-1.png\" class=\"attachment-large size-large wp-image-14218 wvs-archive-product-image\" alt=\"\" srcset=\"https:\/\/elitejourneys.shop\/wp-content\/uploads\/2026\/01\/9c7874e5-840e-4cfb-8064-49d377ba2a27-1.png 357w, https:\/\/elitejourneys.shop\/wp-content\/uploads\/2026\/01\/9c7874e5-840e-4cfb-8064-49d377ba2a27-1-240x300.png 240w, https:\/\/elitejourneys.shop\/wp-content\/uploads\/2026\/01\/9c7874e5-840e-4cfb-8064-49d377ba2a27-1-10x12.png 10w, https:\/\/elitejourneys.shop\/wp-content\/uploads\/2026\/01\/9c7874e5-840e-4cfb-8064-49d377ba2a27-1-1x1.png 1w, https:\/\/elitejourneys.shop\/wp-content\/uploads\/2026\/01\/9c7874e5-840e-4cfb-8064-49d377ba2a27-1-8x10.png 8w\" sizes=\"auto, (max-width: 357px) 100vw, 357px\" \/>\t\t\t\t\t\t\t\t\t\t\t\t\t\t\t<\/div>\n\t\t\t\t<\/div>\n\t\t\t\t<div class=\"elementor-element elementor-element-644b5702 elementor-widget elementor-widget-image\" data-id=\"644b5702\" data-element_type=\"widget\" data-settings=\"{&quot;ekit_we_effect_on&quot;:&quot;none&quot;}\" data-widget_type=\"image.default\">\n\t\t\t\t<div class=\"elementor-widget-container\">\n\t\t\t\t\t\t\t\t\t\t\t\t\t\t\t<img loading=\"lazy\" decoding=\"async\" width=\"359\" height=\"450\" src=\"https:\/\/elitejourneys.shop\/wp-content\/uploads\/2026\/01\/d16a3e9e-758a-4201-9fe7-b995eda13eb9-1.png\" class=\"attachment-large size-large wp-image-14219 wvs-archive-product-image\" alt=\"\" srcset=\"https:\/\/elitejourneys.shop\/wp-content\/uploads\/2026\/01\/d16a3e9e-758a-4201-9fe7-b995eda13eb9-1.png 359w, https:\/\/elitejourneys.shop\/wp-content\/uploads\/2026\/01\/d16a3e9e-758a-4201-9fe7-b995eda13eb9-1-239x300.png 239w, https:\/\/elitejourneys.shop\/wp-content\/uploads\/2026\/01\/d16a3e9e-758a-4201-9fe7-b995eda13eb9-1-10x12.png 10w, https:\/\/elitejourneys.shop\/wp-content\/uploads\/2026\/01\/d16a3e9e-758a-4201-9fe7-b995eda13eb9-1-1x1.png 1w, https:\/\/elitejourneys.shop\/wp-content\/uploads\/2026\/01\/d16a3e9e-758a-4201-9fe7-b995eda13eb9-1-8x10.png 8w\" sizes=\"auto, (max-width: 359px) 100vw, 359px\" \/>\t\t\t\t\t\t\t\t\t\t\t\t\t\t\t<\/div>\n\t\t\t\t<\/div>\n\t\t\t\t<div class=\"elementor-element elementor-element-14ad16cc elementor-widget elementor-widget-image\" data-id=\"14ad16cc\" data-element_type=\"widget\" data-settings=\"{&quot;ekit_we_effect_on&quot;:&quot;none&quot;}\" data-widget_type=\"image.default\">\n\t\t\t\t<div class=\"elementor-widget-container\">\n\t\t\t\t\t\t\t\t\t\t\t\t\t\t\t<img loading=\"lazy\" decoding=\"async\" width=\"360\" height=\"450\" src=\"https:\/\/elitejourneys.shop\/wp-content\/uploads\/2026\/01\/05250853-fa4a-4a4b-89ec-5167f7e2f710.png\" class=\"attachment-large size-large wp-image-14220 wvs-archive-product-image\" alt=\"\" srcset=\"https:\/\/elitejourneys.shop\/wp-content\/uploads\/2026\/01\/05250853-fa4a-4a4b-89ec-5167f7e2f710.png 360w, https:\/\/elitejourneys.shop\/wp-content\/uploads\/2026\/01\/05250853-fa4a-4a4b-89ec-5167f7e2f710-240x300.png 240w, https:\/\/elitejourneys.shop\/wp-content\/uploads\/2026\/01\/05250853-fa4a-4a4b-89ec-5167f7e2f710-10x12.png 10w, https:\/\/elitejourneys.shop\/wp-content\/uploads\/2026\/01\/05250853-fa4a-4a4b-89ec-5167f7e2f710-1x1.png 1w, https:\/\/elitejourneys.shop\/wp-content\/uploads\/2026\/01\/05250853-fa4a-4a4b-89ec-5167f7e2f710-8x10.png 8w\" sizes=\"auto, (max-width: 360px) 100vw, 360px\" \/>\t\t\t\t\t\t\t\t\t\t\t\t\t\t\t<\/div>\n\t\t\t\t<\/div>\n\t\t\t\t<div class=\"elementor-element elementor-element-605e8d99 elementor-widget elementor-widget-image\" data-id=\"605e8d99\" data-element_type=\"widget\" data-settings=\"{&quot;ekit_we_effect_on&quot;:&quot;none&quot;}\" data-widget_type=\"image.default\">\n\t\t\t\t<div class=\"elementor-widget-container\">\n\t\t\t\t\t\t\t\t\t\t\t\t\t\t\t<img loading=\"lazy\" decoding=\"async\" width=\"357\" height=\"448\" src=\"https:\/\/elitejourneys.shop\/wp-content\/uploads\/2026\/01\/d15f19cf-3c71-4e4d-8433-d89b429859f3.png\" class=\"attachment-large size-large wp-image-14221 wvs-archive-product-image\" alt=\"\" srcset=\"https:\/\/elitejourneys.shop\/wp-content\/uploads\/2026\/01\/d15f19cf-3c71-4e4d-8433-d89b429859f3.png 357w, https:\/\/elitejourneys.shop\/wp-content\/uploads\/2026\/01\/d15f19cf-3c71-4e4d-8433-d89b429859f3-239x300.png 239w, https:\/\/elitejourneys.shop\/wp-content\/uploads\/2026\/01\/d15f19cf-3c71-4e4d-8433-d89b429859f3-10x12.png 10w, https:\/\/elitejourneys.shop\/wp-content\/uploads\/2026\/01\/d15f19cf-3c71-4e4d-8433-d89b429859f3-1x1.png 1w, https:\/\/elitejourneys.shop\/wp-content\/uploads\/2026\/01\/d15f19cf-3c71-4e4d-8433-d89b429859f3-8x10.png 8w\" sizes=\"auto, (max-width: 357px) 100vw, 357px\" \/>\t\t\t\t\t\t\t\t\t\t\t\t\t\t\t<\/div>\n\t\t\t\t<\/div>\n\t\t\t\t<div class=\"elementor-element elementor-element-46c79b9d elementor-widget elementor-widget-image\" data-id=\"46c79b9d\" data-element_type=\"widget\" data-settings=\"{&quot;ekit_we_effect_on&quot;:&quot;none&quot;}\" data-widget_type=\"image.default\">\n\t\t\t\t<div class=\"elementor-widget-container\">\n\t\t\t\t\t\t\t\t\t\t\t\t\t\t\t<img loading=\"lazy\" decoding=\"async\" width=\"355\" height=\"449\" src=\"https:\/\/elitejourneys.shop\/wp-content\/uploads\/2026\/01\/757edf87-a18f-4de8-885a-dc1dc7259161.png\" class=\"attachment-large size-large wp-image-14222 wvs-archive-product-image\" alt=\"\" srcset=\"https:\/\/elitejourneys.shop\/wp-content\/uploads\/2026\/01\/757edf87-a18f-4de8-885a-dc1dc7259161.png 355w, https:\/\/elitejourneys.shop\/wp-content\/uploads\/2026\/01\/757edf87-a18f-4de8-885a-dc1dc7259161-237x300.png 237w, https:\/\/elitejourneys.shop\/wp-content\/uploads\/2026\/01\/757edf87-a18f-4de8-885a-dc1dc7259161-9x12.png 9w, https:\/\/elitejourneys.shop\/wp-content\/uploads\/2026\/01\/757edf87-a18f-4de8-885a-dc1dc7259161-1x1.png 1w, https:\/\/elitejourneys.shop\/wp-content\/uploads\/2026\/01\/757edf87-a18f-4de8-885a-dc1dc7259161-8x10.png 8w\" sizes=\"auto, (max-width: 355px) 100vw, 355px\" \/>\t\t\t\t\t\t\t\t\t\t\t\t\t\t\t<\/div>\n\t\t\t\t<\/div>\n\t\t\t\t<div class=\"elementor-element elementor-element-7ea829dc elementor-widget elementor-widget-image\" data-id=\"7ea829dc\" data-element_type=\"widget\" data-settings=\"{&quot;ekit_we_effect_on&quot;:&quot;none&quot;}\" data-widget_type=\"image.default\">\n\t\t\t\t<div class=\"elementor-widget-container\">\n\t\t\t\t\t\t\t\t\t\t\t\t\t\t\t<img loading=\"lazy\" decoding=\"async\" width=\"361\" height=\"451\" src=\"https:\/\/elitejourneys.shop\/wp-content\/uploads\/2026\/01\/a468f04b-ad8c-47df-b80f-37cab3041fdc.png\" class=\"attachment-large size-large wp-image-14223 wvs-archive-product-image\" alt=\"\" srcset=\"https:\/\/elitejourneys.shop\/wp-content\/uploads\/2026\/01\/a468f04b-ad8c-47df-b80f-37cab3041fdc.png 361w, https:\/\/elitejourneys.shop\/wp-content\/uploads\/2026\/01\/a468f04b-ad8c-47df-b80f-37cab3041fdc-240x300.png 240w, https:\/\/elitejourneys.shop\/wp-content\/uploads\/2026\/01\/a468f04b-ad8c-47df-b80f-37cab3041fdc-10x12.png 10w, https:\/\/elitejourneys.shop\/wp-content\/uploads\/2026\/01\/a468f04b-ad8c-47df-b80f-37cab3041fdc-1x1.png 1w, https:\/\/elitejourneys.shop\/wp-content\/uploads\/2026\/01\/a468f04b-ad8c-47df-b80f-37cab3041fdc-8x10.png 8w\" sizes=\"auto, (max-width: 361px) 100vw, 361px\" \/>\t\t\t\t\t\t\t\t\t\t\t\t\t\t\t<\/div>\n\t\t\t\t<\/div>\n\t\t\t\t<div class=\"elementor-element elementor-element-30432dda elementor-widget elementor-widget-image\" data-id=\"30432dda\" data-element_type=\"widget\" data-settings=\"{&quot;ekit_we_effect_on&quot;:&quot;none&quot;}\" data-widget_type=\"image.default\">\n\t\t\t\t<div class=\"elementor-widget-container\">\n\t\t\t\t\t\t\t\t\t\t\t\t\t\t\t<img loading=\"lazy\" decoding=\"async\" width=\"357\" height=\"451\" src=\"https:\/\/elitejourneys.shop\/wp-content\/uploads\/2026\/01\/ccc9c5a7-e33f-4571-82b8-d0b911d4de6d.png\" class=\"attachment-large size-large wp-image-14224 wvs-archive-product-image\" alt=\"\" srcset=\"https:\/\/elitejourneys.shop\/wp-content\/uploads\/2026\/01\/ccc9c5a7-e33f-4571-82b8-d0b911d4de6d.png 357w, https:\/\/elitejourneys.shop\/wp-content\/uploads\/2026\/01\/ccc9c5a7-e33f-4571-82b8-d0b911d4de6d-237x300.png 237w, https:\/\/elitejourneys.shop\/wp-content\/uploads\/2026\/01\/ccc9c5a7-e33f-4571-82b8-d0b911d4de6d-9x12.png 9w, https:\/\/elitejourneys.shop\/wp-content\/uploads\/2026\/01\/ccc9c5a7-e33f-4571-82b8-d0b911d4de6d-1x1.png 1w, https:\/\/elitejourneys.shop\/wp-content\/uploads\/2026\/01\/ccc9c5a7-e33f-4571-82b8-d0b911d4de6d-8x10.png 8w\" sizes=\"auto, (max-width: 357px) 100vw, 357px\" \/>\t\t\t\t\t\t\t\t\t\t\t\t\t\t\t<\/div>\n\t\t\t\t<\/div>\n\t\t\t\t<div class=\"elementor-element elementor-element-461fbb8a elementor-widget elementor-widget-image\" data-id=\"461fbb8a\" data-element_type=\"widget\" data-settings=\"{&quot;ekit_we_effect_on&quot;:&quot;none&quot;}\" data-widget_type=\"image.default\">\n\t\t\t\t<div class=\"elementor-widget-container\">\n\t\t\t\t\t\t\t\t\t\t\t\t\t\t\t<img loading=\"lazy\" decoding=\"async\" width=\"360\" height=\"452\" src=\"https:\/\/elitejourneys.shop\/wp-content\/uploads\/2026\/01\/856ced34-1438-4ea5-b2ac-09ecfe9701af.png\" class=\"attachment-large size-large wp-image-14225 wvs-archive-product-image\" alt=\"\" srcset=\"https:\/\/elitejourneys.shop\/wp-content\/uploads\/2026\/01\/856ced34-1438-4ea5-b2ac-09ecfe9701af.png 360w, https:\/\/elitejourneys.shop\/wp-content\/uploads\/2026\/01\/856ced34-1438-4ea5-b2ac-09ecfe9701af-239x300.png 239w, https:\/\/elitejourneys.shop\/wp-content\/uploads\/2026\/01\/856ced34-1438-4ea5-b2ac-09ecfe9701af-10x12.png 10w, https:\/\/elitejourneys.shop\/wp-content\/uploads\/2026\/01\/856ced34-1438-4ea5-b2ac-09ecfe9701af-1x1.png 1w, https:\/\/elitejourneys.shop\/wp-content\/uploads\/2026\/01\/856ced34-1438-4ea5-b2ac-09ecfe9701af-8x10.png 8w\" sizes=\"auto, (max-width: 360px) 100vw, 360px\" \/>\t\t\t\t\t\t\t\t\t\t\t\t\t\t\t<\/div>\n\t\t\t\t<\/div>\n\t\t\t\t\t<\/div>\n\t\t\t\t<\/div>\n\t\t<div class=\"elementor-element elementor-element-7aca7315 e-flex e-con-boxed e-con e-parent\" data-id=\"7aca7315\" data-element_type=\"container\" data-settings=\"{&quot;ekit_has_onepagescroll_dot&quot;:&quot;yes&quot;}\">\n\t\t\t\t\t<div class=\"e-con-inner\">\n\t\t\t\t<div class=\"elementor-element elementor-element-396aed5d elementor-widget elementor-widget-text-editor\" data-id=\"396aed5d\" data-element_type=\"widget\" data-settings=\"{&quot;ekit_we_effect_on&quot;:&quot;none&quot;}\" data-widget_type=\"text-editor.default\">\n\t\t\t\t<div class=\"elementor-widget-container\">\n\t\t\t\t\t\t\t\t\t<!DOCTYPE html>\n<html lang=\"en\">\n<head>\n    <meta charset=\"UTF-8\">\n    <meta name=\"viewport\" content=\"width=device-width, initial-scale=1.0\">\n    <style>\n        table {\n            width: 100%;\n            border-collapse: collapse;\n        }\n        tr {\n            border-bottom: 1px solid #000;\n        }\n        td {\n            text-align: left;\n            padding: 8px 5px;\n            border: none;\n        }\n        .label {\n            font-weight: bold;\n        }\n    <\/style>\n<\/head>\n<body>\n    <table>\n        <tr>\n            <td class=\"label\">Colour<\/td>\n            <td>White<\/td>\n        <\/tr>\n        <tr>\n            <td class=\"label\">Item Form<\/td>\n            <td>Cream<\/td>\n        <\/tr>\n        <tr>\n            <td class=\"label\">Item Volume<\/td>\n            <td>30 Millilitres<\/td>\n        <\/tr>\n        <tr>\n            <td class=\"label\">Skin Type<\/td>\n            <td>All<\/td>\n        <\/tr>\n        <tr>\n            <td class=\"label\">Eye Treatment Effect<\/td>\n            <td>Travel Size<\/td>\n        <\/tr>\n    <\/table>\n<\/body>\n<\/html>\t\t\t\t\t\t\t\t<\/div>\n\t\t\t\t<\/div>\n\t\t\t\t\t<\/div>\n\t\t\t\t<\/div>\n\t\t\t\t<\/div>","protected":false},"excerpt":{"rendered":"<p>\u00dcber dieses Produkt:<\/p>\n<p>Anpassung an den Hautton: Die wertvollen Pigmente passen sich jedem Hautton an und verwandeln sich bei Anwendung in eine zweite magisch mattierende Haut. R\u00f6tungen werden abgedeckt, Unebenheiten verschwinden und dunkle Schatten unter den Augen werden sichtbar reduziert.<\/p>\n<p>Pflegt feine (Trockenheits-)F\u00e4ltchen: Wertvolle Hyalurons\u00e4ure sorgt f\u00fcr einen optischen Anti-Aging-Effekt und intensive Feuchtigkeitsversorgung. Die Haut wird optisch aufgepolstert und gegl\u00e4ttet und den ganzen Tag \u00fcber optimal mit Feuchtigkeit versorgt.<\/p>\n<p>MAKE-UP &#038; TAGESCREME IN EINEM: Ihre Pflege und Ihr Make-up in einem Produkt! Die samtig-leichte Textur bietet ein angenehmes Hautgef\u00fchl und sorgt gleichzeitig f\u00fcr einen perfekt mattierten Teint.<\/p>\n<p>Schutz vor lichtbedingter Hautalterung: Der Lichtschutzfaktor 15 sch\u00fctzt vor lichtinduzierter Hautalterung und bewahrt vor sch\u00e4dlicher UVA- und UVB-Strahlung.<\/p>","protected":false},"featured_media":14184,"comment_status":"open","ping_status":"closed","template":"","meta":{"_acf_changed":false},"etheme_brands":[],"product_brand":[],"product_cat":[118],"product_tag":[],"class_list":{"0":"post-14079","1":"product","2":"type-product","3":"status-publish","4":"has-post-thumbnail","6":"product_cat-sale-shop","8":"first","9":"instock","10":"sale","11":"shipping-taxable","12":"purchasable","13":"product-type-simple"},"acf":[],"_links":{"self":[{"href":"https:\/\/elitejourneys.shop\/de\/wp-json\/wp\/v2\/product\/14079","targetHints":{"allow":["GET"]}}],"collection":[{"href":"https:\/\/elitejourneys.shop\/de\/wp-json\/wp\/v2\/product"}],"about":[{"href":"https:\/\/elitejourneys.shop\/de\/wp-json\/wp\/v2\/types\/product"}],"replies":[{"embeddable":true,"href":"https:\/\/elitejourneys.shop\/de\/wp-json\/wp\/v2\/comments?post=14079"}],"version-history":[{"count":4,"href":"https:\/\/elitejourneys.shop\/de\/wp-json\/wp\/v2\/product\/14079\/revisions"}],"predecessor-version":[{"id":14231,"href":"https:\/\/elitejourneys.shop\/de\/wp-json\/wp\/v2\/product\/14079\/revisions\/14231"}],"wp:featuredmedia":[{"embeddable":true,"href":"https:\/\/elitejourneys.shop\/de\/wp-json\/wp\/v2\/media\/14184"}],"wp:attachment":[{"href":"https:\/\/elitejourneys.shop\/de\/wp-json\/wp\/v2\/media?parent=14079"}],"wp:term":[{"taxonomy":"brand","embeddable":true,"href":"https:\/\/elitejourneys.shop\/de\/wp-json\/wp\/v2\/etheme_brands?post=14079"},{"taxonomy":"product_brand","embeddable":true,"href":"https:\/\/elitejourneys.shop\/de\/wp-json\/wp\/v2\/product_brand?post=14079"},{"taxonomy":"product_cat","embeddable":true,"href":"https:\/\/elitejourneys.shop\/de\/wp-json\/wp\/v2\/product_cat?post=14079"},{"taxonomy":"product_tag","embeddable":true,"href":"https:\/\/elitejourneys.shop\/de\/wp-json\/wp\/v2\/product_tag?post=14079"}],"curies":[{"name":"wp","href":"https:\/\/api.w.org\/{rel}","templated":true}]}}